{"id":41,"date":"2025-01-09T15:01:15","date_gmt":"2025-01-09T14:01:15","guid":{"rendered":"https:\/\/www.horst-schubert.de\/wordpress\/?page_id=41"},"modified":"2025-12-29T08:57:08","modified_gmt":"2025-12-29T07:57:08","slug":"impressum","status":"publish","type":"page","link":"https:\/\/www.horst-schubert.de\/wordpress\/impressum\/","title":{"rendered":"Impressum"},"content":{"rendered":"<h3>Verantwortlich f\u00fcr den Inhalt dieser Webseite:<\/h3>\n<p>Horst Schubert<br \/>\nMax-Planck-Stra\u00dfe 9<br \/>\n95145 Oberkotzau<\/p>\n<p>Kontakt:<br \/>\nTelefon: +49 9286 8739064<br \/>\nE-Mail: mail-h.schubert@gmx.de<br \/>\nInternet: https:\/\/www.horst-schubert.de\/wordpress<\/p>\n<h2>Haftungsausschluss<b><\/b><\/h2>\n<p><b>1. Inhalt des Onlineangebotes<br \/>\n<\/b>Der Autor \u00fcbernimmt keinerlei Gew\u00e4hr f\u00fcr die Aktualit\u00e4t, Korrektheit, Vollst\u00e4ndigkeit oder Qualit\u00e4t der bereitgestellten Informationen. Haftungsanspr\u00fcche gegen den Autor, welche sich auf Schaden materieller oder ideeller Art beziehen, die durch die Nutzung oder Nichtnutzung der dargebotenen Informationen bzw. durch die Nutzung fehlerhafter und unvollst\u00e4ndiger Informationen verursacht wurden, sind grunds\u00e4tzlich ausgeschlossen, sofern seitens des Autors kein nachweislich vors\u00e4tzliches oder grob fahrl\u00e4ssiges Verschulden vorliegt.<br \/>\nAlle Angebote sind freibleibend und unverbindlich. Der Autor beh\u00e4lt es sich ausdru\u00fccklich vor, Teile der Seiten oder das gesamte Angebot ohne gesonderte Ank\u00fcndigung zu ver\u00e4ndern, zu erg\u00e4nzen, zu l\u00f6schen oder die Ver\u00f6ffentlichung zeitweise oder endg\u00fcltig einzustellen.<b><\/b><\/p>\n<p><b>2. Verweise und Links<br \/>\n<\/b>Bei direkten oder indirekten Verweisen auf fremde Webseiten (Hyperlinks) die au\u00dferhalb des Verantwortungsbereiches des Autors liegen, w\u00fcrde eine Haftungsverpflichtung ausschlie\u00dflich in dem Fall in Kraft treten, in dem der Autor von den Inhalten Kenntnis hat und es ihm technisch m\u00f6glich und zumutbar w\u00e4re, die Nutzung im Falle rechtswidriger Inhalte zu verhindern. Der Autor erkl\u00e4rt hiermit ausdr\u00fccklich, dass zum Zeitpunkt der Linksetzung keine illegalen Inhalte auf den zu verlinkenden Seiten erkennbar waren. Auf die aktuelle und zuk\u00fcnftige Gestaltung, die Inhalte oder die Urheberschaft der verlinkten \/verkn\u00fcpften Seiten hat der Autor keinerlei Einfluss. Deshalb distanziert er sich hiermit ausdr\u00fccklich von allen Inhalten aller verlinkten \/verkn\u00fcpften Seiten, die nach der Linksetzung ver\u00e4ndert wurden. Diese Feststellung gilt f\u00fcr alle innerhalb des eigenen Internetangebotes gesetzten Links und Verweise sowie f\u00fcr Fremdeintr\u00e4ge in vom Autor eingerichteten G\u00e4steb\u00fcchern, Diskussionsforen, Linkverzeichnissen, Mailinglisten und in allen anderen Formen von Datenbanken, auf deren Inhalt extrne Schreibszugriffe m\u00f6lgich sind. F\u00fcr illegale, fehlerhafte oder unvollst\u00e4ndige Inhalte und insbesondere f\u00fcr Sch\u00e4den, die aus der Nutzung oder Nichtnutzung solcherart dargebotener Informationen entstehen, haftet allein der Anbieter der Seite, auf welche verwiesen wurde, nicht derjenige, der \u00fcber Links auf die jeweilige Ver\u00f6ffentlichung lediglich verweist.<b><\/b><\/p>\n<p><b>3. Urheber- und Kennzeichenrecht<br \/>\n<\/b>Der Autor ist bestrebt, in allen Publikationen die Urheberrechte der verwendeten Grafiken, Tondokumente, Videosequenzen und Texte zu beachten, selbst erstellte Grafiken, Tondokumente, Videosequenzen und Texte zu nutzen oder auf lizenzfreie Grafiken, Tondokumente, Videosequenzen und Texte zur\u00fcckzugreifen.<br \/>\nAlle innerhalb des Internetangebotes genannten und ggf. durch Dritte gesch\u00fctzten Marken-und Warenzeichen unterliegen uneingeschr\u00e4nkt den Bestimmungen des jeweils g\u00fcltigen Kennzeichenrechts und den Besitzrechten der jeweiligen eingetragenen Eigent\u00fcmer. Allein aufgrund der blo\u00dfen Nennung ist nicht der Schluss zu ziehen, dass Markenzeichen nicht durch Rechte Dritter gesch\u00fctzt sind!<br \/>\nDas Copyright f\u00fcr ver\u00f6ffentlichte, vom Autor selbst erstellte Objekte und Applikationen bleibt allein beim Autor der Seiten. Eine Vervielf\u00e4ltigung oder Verwendung solcher Grafiken, Tondokumente, Videosequenzen und Texte in anderen elektronischen oder gedruckten Publikationen ist ohne ausdr\u00fcckliche Zustimmung des Autors nicht gestattet.<b><\/b><\/p>\n<p><b>4. Rechtswirksamkeit dieses Haftungsausschlusses<br \/>\n<\/b>Dieser Haftungsausschluss ist als Teil des Internetangebotes zu betrachten, von dem aus auf diese Seite verwiesen wurde. Sofern Teile oder einzelne Formulierungen dieses Textes der geltenden Rechtslage nicht, nicht mehr oder nicht vollst\u00e4ndig entsprechen sollten, bleiben die \u00fcbrigen Teile des Dokumentes in ihrem Inhalt und ihrer G\u00fcltigkeit davon unber\u00fchrt.<\/p>\n<h2>Disclaimer<b><\/b><\/h2>\n<p><b>1. Content<br \/>\n<\/b><span lang=\"en-US\">The author assumes no liability for the topicality, correctness, completeness or quality of the information provided. Liability claims against the author relating to material or immaterial damage caused by the use or non-use of the information provided or by the use of incorrect and incomplete information are fundamentally excluded, unless the author can be proven to have acted intentionally or with gross negligence Fault exists.<\/span><b><\/b><\/p>\n<p><span lang=\"en-US\"><b>2. References and links<br \/>\n<\/b><\/span><span lang=\"en-US\">In the case of direct or indirect references to external websites (hyperlinks) that lie outside the author&#8217;s area of \u200b\u200bresponsibility, a liability obligation would only come into force in the case in which the author is aware of the content and it would be technically possible and reasonable for him to use it in the event of illegal content.<\/span> <span lang=\"en-US\">The author hereby expressly declares that at the time the link was created, no illegal content was recognizable on the linked pages. The author has no influence on the current and future design, content or authorship of the linked\/connected pages. He therefore hereby expressly distances himself from all content on all linked\/connected pages that were changed after the link was created. This statement applies to all links and references set within the author&#8217;s own website as well as to third-party entries in guest books, discussion forums, link directories, mailing lists and all other forms of databases set up by the author, the content of which external write access is possible. For illegal, incorrect or incomplete content and in particular for damage resulting from the use or non-use of such information, the provider of the page to which reference was made is solely liable, not the person who linked to the respective page Publication merely refers.<\/span><b><\/b><\/p>\n<p><span lang=\"en-US\"><b>3. Copyright and trademark law<br \/>\n<\/b><\/span><span lang=\"en-US\">The author endeavors to respect the copyrights of the graphics, audio documents, video sequences and texts used in all publications, to use self-created graphics, audio documents, video sequences and texts or to use license-free graphics, audio documents, video sequences and texts.<\/span> <span lang=\"en-US\">All brands and trademarks mentioned within the website and possibly protected by third parties are subject without restriction to the provisions of the applicable trademark law and the ownership rights of the respective registered owners. The conclusion that trademarks are not protected by third-party rights should not be drawn based on their mere mention!<\/span> <span lang=\"en-US\">The copyright for published objects and applications created by the author remains solely with the author of the pages. Reproduction or use of such graphics, audio documents, video sequences and texts in other electronic or printed publications is not permitted without the express consent of the author.<\/span><b><\/b><\/p>\n<p><span lang=\"en-US\"><b>4. Legal validity of this exclusion of liability<br \/>\n<\/b><\/span><span lang=\"en-US\">This disclaimer of liability is to be viewed as part of the Internet offering from which reference was made to this page. If parts or individual formulations of this text do not, no longer or do not completely correspond to the applicable legal situation, the remaining parts of the document remain unaffected in their content and validity.<\/span><\/p>\n","protected":false},"excerpt":{"rendered":"<p>Verantwortlich f\u00fcr den Inhalt dieser Webseite: Horst Schubert Max-Planck-Stra\u00dfe 9 95145 Oberkotzau Kontakt: Telefon: +49 9286 8739064 E-Mail: mail-h.schubert@gmx.de Internet: https:\/\/www.horst-schubert.de\/wordpress Haftungsausschluss 1. Inhalt des Onlineangebotes Der Autor \u00fcbernimmt keinerlei Gew\u00e4hr f\u00fcr die Aktualit\u00e4t, Korrektheit, Vollst\u00e4ndigkeit oder Qualit\u00e4t der bereitgestellten Informationen. Haftungsanspr\u00fcche gegen den Autor, welche sich auf Schaden materieller oder ideeller Art beziehen, die &hellip; <\/p>\n<p class=\"link-more\"><a href=\"https:\/\/www.horst-schubert.de\/wordpress\/impressum\/\" class=\"more-link\"><span class=\"screen-reader-text\">\u201eImpressum\u201c <\/span>weiterlesen<\/a><\/p>\n","protected":false},"author":2,"featured_media":0,"parent":0,"menu_order":0,"comment_status":"closed","ping_status":"closed","template":"","meta":[],"_links":{"self":[{"href":"https:\/\/www.horst-schubert.de\/wordpress\/wp-json\/wp\/v2\/pages\/41"}],"collection":[{"href":"https:\/\/www.horst-schubert.de\/wordpress\/wp-json\/wp\/v2\/pages"}],"about":[{"href":"https:\/\/www.horst-schubert.de\/wordpress\/wp-json\/wp\/v2\/types\/page"}],"author":[{"embeddable":true,"href":"https:\/\/www.horst-schubert.de\/wordpress\/wp-json\/wp\/v2\/users\/2"}],"replies":[{"embeddable":true,"href":"https:\/\/www.horst-schubert.de\/wordpress\/wp-json\/wp\/v2\/comments?post=41"}],"version-history":[{"count":2,"href":"https:\/\/www.horst-schubert.de\/wordpress\/wp-json\/wp\/v2\/pages\/41\/revisions"}],"predecessor-version":[{"id":1031,"href":"https:\/\/www.horst-schubert.de\/wordpress\/wp-json\/wp\/v2\/pages\/41\/revisions\/1031"}],"wp:attachment":[{"href":"https:\/\/www.horst-schubert.de\/wordpress\/wp-json\/wp\/v2\/media?parent=41"}],"curies":[{"name":"wp","href":"https:\/\/api.w.org\/{rel}","templated":true}]}}