{"id":43,"date":"2025-01-09T15:01:48","date_gmt":"2025-01-09T14:01:48","guid":{"rendered":"https:\/\/www.horst-schubert.de\/wordpress\/?page_id=43"},"modified":"2025-03-02T18:32:51","modified_gmt":"2025-03-02T17:32:51","slug":"aktuelles","status":"publish","type":"page","link":"https:\/\/www.horst-schubert.de\/wordpress\/aktuelles\/","title":{"rendered":"Aktuelles"},"content":{"rendered":"<h2>EasyAR &#8211; einfaches und schnelles Erstellen von Angeboten und Rechnungen<\/h2>\n<p><img decoding=\"async\" loading=\"lazy\" class=\"alignnone size-full wp-image-466\" src=\"https:\/\/www.horst-schubert.de\/wordpress\/wp-content\/uploads\/2025\/01\/EasyAR_flat_150x150.jpg\" alt=\"\" width=\"150\" height=\"150\" srcset=\"https:\/\/www.horst-schubert.de\/wordpress\/wp-content\/uploads\/2025\/01\/EasyAR_flat_150x150.jpg 150w, https:\/\/www.horst-schubert.de\/wordpress\/wp-content\/uploads\/2025\/01\/EasyAR_flat_150x150-100x100.jpg 100w\" sizes=\"(max-width: 150px) 100vw, 150px\" \/><\/p>\n<p>Durch die Verwendung einer Kundendatenbank und speziell auf Ihr Unternehmen zugeschnittener und selbst definierbarer Bausteine, ist eine einfache und schnelle Erstellung von Angeboten und Rechnungen im Handumdrehen m\u00f6glich.<\/p>\n<p>EasyAR wurde gezielt f\u00fcr Kleinunternehmen gem\u00e4\u00df \u00a719 UStG konzipiert und entwickelt.<\/p>\n\n\n<div class=\"is-layout-flex wp-block-buttons\">\n<div class=\"wp-block-button\"><a class=\"wp-block-button__link wp-element-button\" href=\"https:\/\/www.horst-schubert.de\/wordpress\/apps\/download-easyar\/\" style=\"border-radius:74px\">zur Trial-Version<\/a><\/div>\n<\/div>\n\n\n<p><\/p>\n<p>\u00dcbrigens:<\/p>\n<p>Seit dem 1. Januar 2025 sind nach der neuen Fassung von \u00a734a UStDV Kleinunternehmer nicht verpflichtet, eine Rechnung in Form einer elektronischen Rechnung (E-Rechnung) nach \u00a714 Absatz 1 UStG auszustellen.<\/p>\n<p>Somit k\u00f6nnen Sie als Kleinunternehmer nach \u00a719 UStG auch nach der schrittweisen Umstellung ab 2025 auf die verpflichtende E-Rechnung unsere Applikation EasyAR f\u00fcr Windows weiterhin verwenden.<\/p>","protected":false},"excerpt":{"rendered":"<p>EasyAR &#8211; einfaches und schnelles Erstellen von Angeboten und Rechnungen Durch die Verwendung einer Kundendatenbank und speziell auf Ihr Unternehmen zugeschnittener und selbst definierbarer Bausteine, ist eine einfache und schnelle Erstellung von Angeboten und Rechnungen im Handumdrehen m\u00f6glich. EasyAR wurde gezielt f\u00fcr Kleinunternehmen gem\u00e4\u00df \u00a719 UStG konzipiert und entwickelt. \u00dcbrigens: Seit dem 1. Januar 2025 &hellip; <\/p>\n<p class=\"link-more\"><a href=\"https:\/\/www.horst-schubert.de\/wordpress\/aktuelles\/\" class=\"more-link\"><span class=\"screen-reader-text\">\u201eAktuelles\u201c <\/span>weiterlesen<\/a><\/p>\n","protected":false},"author":2,"featured_media":0,"parent":0,"menu_order":0,"comment_status":"closed","ping_status":"closed","template":"","meta":[],"_links":{"self":[{"href":"https:\/\/www.horst-schubert.de\/wordpress\/wp-json\/wp\/v2\/pages\/43"}],"collection":[{"href":"https:\/\/www.horst-schubert.de\/wordpress\/wp-json\/wp\/v2\/pages"}],"about":[{"href":"https:\/\/www.horst-schubert.de\/wordpress\/wp-json\/wp\/v2\/types\/page"}],"author":[{"embeddable":true,"href":"https:\/\/www.horst-schubert.de\/wordpress\/wp-json\/wp\/v2\/users\/2"}],"replies":[{"embeddable":true,"href":"https:\/\/www.horst-schubert.de\/wordpress\/wp-json\/wp\/v2\/comments?post=43"}],"version-history":[{"count":0,"href":"https:\/\/www.horst-schubert.de\/wordpress\/wp-json\/wp\/v2\/pages\/43\/revisions"}],"wp:attachment":[{"href":"https:\/\/www.horst-schubert.de\/wordpress\/wp-json\/wp\/v2\/media?parent=43"}],"curies":[{"name":"wp","href":"https:\/\/api.w.org\/{rel}","templated":true}]}}