{"id":51,"date":"2025-01-09T15:08:32","date_gmt":"2025-01-09T14:08:32","guid":{"rendered":"https:\/\/www.horst-schubert.de\/wordpress\/?page_id=51"},"modified":"2025-08-04T08:11:16","modified_gmt":"2025-08-04T06:11:16","slug":"download-easyar","status":"publish","type":"page","link":"https:\/\/www.horst-schubert.de\/wordpress\/apps\/download-easyar\/","title":{"rendered":"Download EasyAR"},"content":{"rendered":"\n<h2>EasyAR<\/h2>\n\n\n\n<figure class=\"wp-block-image\"><img decoding=\"async\" loading=\"lazy\" width=\"150\" height=\"150\" src=\"https:\/\/www.horst-schubert.de\/wordpress\/wp-content\/uploads\/2025\/01\/EasyAR_flat_150x150.jpg\" alt=\"Icon EasyAR App\" class=\"wp-image-466\" srcset=\"https:\/\/www.horst-schubert.de\/wordpress\/wp-content\/uploads\/2025\/01\/EasyAR_flat_150x150.jpg 150w, https:\/\/www.horst-schubert.de\/wordpress\/wp-content\/uploads\/2025\/01\/EasyAR_flat_150x150-100x100.jpg 100w\" sizes=\"(max-width: 150px) 100vw, 150px\" \/><\/figure>\n\n\n\n<p>Schnelles Erstellen, Archivieren und Drucken von <strong>Angeboten<\/strong> und <strong>Rechnungen<\/strong>, welche unter die Kleinunternehmerregelung gem\u00e4\u00df \u00a719 UStG fallen, sind durch den Einsatz von EasyAR kein Problem mehr.<\/p>\n\n\n\n<p>Durch die Verwendung einer <strong>Kundendatenbank<\/strong> und der M\u00f6glichkeit einzelne, speziell auf Ihr Unternehmen zugeschnittene <strong>Bausteine<\/strong> f\u00fcr alle Ihre zuk\u00fcnftigen Projekte erstellen zu k\u00f6nnen, sind bereits nach k\u00fcrzester Zeit schnelle und effektive Ausfertigungen von Angeboten und Rechnungen ein Kinderspiel.<\/p>\n\n\n\n<p>Die hier angebotene Version EasyAR V(KUb) ist speziell f\u00fcr Unternehmen angedacht, die unter die Regelung f\u00fcr Kleinunternehmer gem\u00e4\u00df \u00a719 UStG fallen, da in den meisten F\u00e4llen Softwarel\u00f6sungen zum Erstellen von Angeboten und Rechnungen nur auf Abo-Basis angeboten werden und sehr viele Kleinunternehmer so im Laufe der Zeit sehr schnell sehr viel Geld daf\u00fcr aufbringen m\u00fcssen.<\/p>\n\n\n\n<p>\u00dcbrigens k\u00f6nnen Sie EasyAR auch nach der Einf\u00fchrung der E-Rechnungspflicht weiterhin verwenden, denn seit dem 1. Januar 2025 sind nach der neuen Fassung von \u00a734a UStDV <strong>Kleinunternehmer nicht verpflichtet, eine Rechnung in Form einer elektronischen Rechnung (E-Rechnung) nach \u00a714 Absatz 1 UStG auszustellen<\/strong>, solange es sich nicht um B2B-Gesch\u00e4fte handelt.<\/p>\n\n\n\n<p>Zu Testzwecken haben Sie auf dieser Seite weiter unten die M\u00f6glichkeit eine kostenlose Trial-Version von EasyAR herunterzuladen. Diese ist f\u00fcr einen bestimmten Zeitraum funktionsf\u00e4hig, allerdings wird Ihr Firmenlogo in der Testversion nicht mit eingebunden und angezeigt, auch sind das Einf\u00fcgen freier Zeilen und die Festlegung eines Leistungsdatums in der Trial-Version von EasyAR nicht vorgesehen.<\/p>\n\n\n\n<p>Sollten Sie Fragen zu EasyAR haben, oder sich f\u00fcr die kostenpflichtige Vollversion interessieren, dann melden Sie sich einfach telefonisch oder per E-Mail bei uns.<\/p>\n\n\n\n<h3>Screenshots:<\/h3>\n\n\n\n<div class=\"wp-block-envira-envira-gallery\"><div id=\"envira-gallery-wrap-470\" class=\"envira-gallery-wrap envira-lazy-loading-disabled envira-layout-blogroll envira-gallery-theme-base\" itemscope itemtype=\"https:\/\/schema.org\/ImageGallery\"><div class=\"envira-loader\"><div><\/div><div><\/div><div><\/div><div><\/div><\/div><div id=\"envira-gallery-470\" class=\"envira-gallery-public envira-gallery-1-columns envira-clear\" data-envira-id=\"470\" data-gallery-config='{\"type\":\"default\",\"layout\":\"blogroll\",\"columns\":\"1\",\"gallery_theme\":\"base\",\"justified_margins\":20,\"justified_last_row\":\"nojustify\",\"lazy_loading\":0,\"lazy_loading_delay\":500,\"gutter\":20,\"gutter_mobile\":0,\"margin\":20,\"image_size\":\"large\",\"square_size\":300,\"crop_width\":320,\"crop_height\":240,\"crop\":0,\"crop_position\":\"c\",\"show_more_text\":\"Click for more\",\"additional_copy_0\":0,\"additional_copy_title\":0,\"additional_copy_caption\":0,\"additional_copy_title_caption\":0,\"additional_copy_0_mobile\":0,\"additional_copy_title_mobile\":0,\"additional_copy_caption_mobile\":0,\"additional_copy_title_caption_mobile\":0,\"gallery_column_title_caption\":\"0\",\"gallery_column_title_caption_mobile\":\"0\",\"additional_copy_automatic_0\":0,\"additional_copy_automatic_title\":0,\"additional_copy_automatic_caption\":0,\"additional_copy_automatic_title_caption\":0,\"additional_copy_automatic_0_mobile\":0,\"additional_copy_automatic_title_mobile\":0,\"additional_copy_automatic_caption_mobile\":0,\"additional_copy_automatic_title_caption_mobile\":0,\"gallery_automatic_title_caption\":\"0\",\"gallery_automatic_title_caption_mobile\":\"0\",\"justified_row_height\":150,\"description_position\":\"0\",\"description\":\"\",\"random\":\"0\",\"sort_order\":\"0\",\"sorting_direction\":\"ASC\",\"image_sizes_random\":[],\"isotope\":0,\"lightbox_enabled\":1,\"gallery_link_enabled\":0,\"lightbox_theme\":\"base_dark\",\"lightbox_image_size\":\"full\",\"title_display\":\"float\",\"lightbox_title_caption\":\"0\",\"arrows\":1,\"arrows_position\":\"inside\",\"toolbar\":0,\"toolbar_title\":0,\"toolbar_position\":\"top\",\"loop\":0,\"lightbox_open_close_effect\":\"fade\",\"effect\":\"fade\",\"supersize\":0,\"thumbnails_toggle\":0,\"thumbnails_hide\":0,\"image_counter\":0,\"lightbox_html_caption\":0,\"thumbnails\":0,\"thumbnails_width\":\"auto\",\"thumbnails_height\":\"auto\",\"thumbnails_position\":\"bottom\",\"thumbnails_custom_size\":0,\"mobile\":0,\"mobile_width\":320,\"mobile_height\":240,\"mobile_lightbox\":1,\"mobile_gallery_link_enabled\":0,\"mobile_arrows\":1,\"mobile_toolbar\":1,\"mobile_thumbnails\":0,\"mobile_touchwipe_close\":1,\"mobile_thumbnails_width\":75,\"mobile_thumbnails_height\":50,\"mobile_justified_row_height\":80,\"keyboard\":true,\"standalone_template\":\"\",\"classes\":[\"\"],\"rtl\":0,\"slug\":\"easyar\",\"fullscreen\":0,\"open_fullscreen\":0,\"pagination\":0,\"pagination_position\":\"below\",\"pagination_images_per_page\":9,\"pagination_prev_next\":\"numbered_previous_next\",\"pagination_prev_text\":\"&laquo; Vorherige\",\"pagination_next_text\":\"N&auml;chste &raquo;\",\"pagination_scroll\":0,\"pagination_ajax_load\":0,\"pagination_button_text\":\"Load More\",\"pagination_lightbox_display_all_images\":0,\"mobile_pagination_images_per_page\":9,\"mobile_pagination_prev_next\":\"numbered_previous_next\",\"protection\":1,\"protection_popup\":0,\"protection_message\":\"\",\"protection_title\":\"\",\"protection_button_text\":\"\",\"slideshow\":0,\"autoplay\":0,\"slideshow_hover\":0,\"ss_speed\":5000,\"watermarking\":false,\"watermarking_image_id\":0,\"watermarking_position\":\"top-left\",\"watermarking_margin\":10,\"watermarking_text\":\"Some Text\",\"watermarking_font\":\"Oleo Script\",\"watermarking_font_size\":150,\"watermarking_color\":\"rgba(0,175,85,0.77)\",\"watermarking_rotation\":0,\"watermarking_repeat\":false,\"watermarking_image_scale\":100,\"watermarking_type\":\"image\",\"watermarking_keep_original\":true,\"watermarking_existing_images\":true,\"title\":\"\",\"gallery_id\":\"470\"}' data-gallery-images='[{\"status\":\"active\",\"src\":\"https:\\\/\\\/www.horst-schubert.de\\\/wordpress\\\/wp-content\\\/uploads\\\/2025\\\/01\\\/EasyAR_Angebot_1280.jpg\",\"title\":\"EasyAR_Angebot_1280\",\"link\":\"https:\\\/\\\/www.horst-schubert.de\\\/wordpress\\\/wp-content\\\/uploads\\\/2025\\\/01\\\/EasyAR_Angebot_1280.jpg\",\"alt\":\"\",\"caption\":false,\"thumb\":\"https:\\\/\\\/www.horst-schubert.de\\\/wordpress\\\/wp-content\\\/uploads\\\/2025\\\/01\\\/EasyAR_Angebot_1280-75x50_c.jpg\",\"meta\":{\"aperture\":null,\"credit\":null,\"camera\":null,\"caption\":\"\",\"created_timestamp\":null,\"copyright\":null,\"focal_length\":null,\"iso\":null,\"shutter_speed\":null,\"title\":\"\",\"orientation\":null,\"keywords\":null,\"resized_images\":null},\"thumbnail\":\"https:\\\/\\\/www.horst-schubert.de\\\/wordpress\\\/wp-content\\\/uploads\\\/2025\\\/01\\\/EasyAR_Angebot_1280-150x150.jpg\",\"medium\":\"https:\\\/\\\/www.horst-schubert.de\\\/wordpress\\\/wp-content\\\/uploads\\\/2025\\\/01\\\/EasyAR_Angebot_1280-300x169.jpg\",\"medium_large\":\"https:\\\/\\\/www.horst-schubert.de\\\/wordpress\\\/wp-content\\\/uploads\\\/2025\\\/01\\\/EasyAR_Angebot_1280-768x432.jpg\",\"large\":\"https:\\\/\\\/www.horst-schubert.de\\\/wordpress\\\/wp-content\\\/uploads\\\/2025\\\/01\\\/EasyAR_Angebot_1280-1024x576.jpg\",\"1536x1536\":\"https:\\\/\\\/www.horst-schubert.de\\\/wordpress\\\/wp-content\\\/uploads\\\/2025\\\/01\\\/EasyAR_Angebot_1280.jpg\",\"2048x2048\":\"https:\\\/\\\/www.horst-schubert.de\\\/wordpress\\\/wp-content\\\/uploads\\\/2025\\\/01\\\/EasyAR_Angebot_1280.jpg\",\"twentyseventeen-featured-image\":\"https:\\\/\\\/www.horst-schubert.de\\\/wordpress\\\/wp-content\\\/uploads\\\/2025\\\/01\\\/EasyAR_Angebot_1280.jpg\",\"twentyseventeen-thumbnail-avatar\":\"https:\\\/\\\/www.horst-schubert.de\\\/wordpress\\\/wp-content\\\/uploads\\\/2025\\\/01\\\/EasyAR_Angebot_1280-100x100.jpg\",\"full\":\"https:\\\/\\\/www.horst-schubert.de\\\/wordpress\\\/wp-content\\\/uploads\\\/2025\\\/01\\\/EasyAR_Angebot_1280.jpg\",\"index\":0,\"id\":566,\"video\":false,\"opts\":{\"caption\":\"\",\"thumb\":\"https:\\\/\\\/www.horst-schubert.de\\\/wordpress\\\/wp-content\\\/uploads\\\/2025\\\/01\\\/EasyAR_Angebot_1280-75x50_c.jpg\",\"title\":\"EasyAR_Angebot_1280\"},\"gallery_id\":\"470\"},{\"status\":\"active\",\"src\":\"https:\\\/\\\/www.horst-schubert.de\\\/wordpress\\\/wp-content\\\/uploads\\\/2025\\\/01\\\/EasyAR_PDF_1280.jpg\",\"title\":\"EasyAR_PDF_1280\",\"link\":\"https:\\\/\\\/www.horst-schubert.de\\\/wordpress\\\/wp-content\\\/uploads\\\/2025\\\/01\\\/EasyAR_PDF_1280.jpg\",\"alt\":\"\",\"caption\":false,\"thumb\":\"https:\\\/\\\/www.horst-schubert.de\\\/wordpress\\\/wp-content\\\/uploads\\\/2025\\\/01\\\/EasyAR_PDF_1280-75x50_c.jpg\",\"meta\":{\"aperture\":null,\"credit\":null,\"camera\":null,\"caption\":\"\",\"created_timestamp\":null,\"copyright\":null,\"focal_length\":null,\"iso\":null,\"shutter_speed\":null,\"title\":\"\",\"orientation\":null,\"keywords\":null,\"resized_images\":null},\"thumbnail\":\"https:\\\/\\\/www.horst-schubert.de\\\/wordpress\\\/wp-content\\\/uploads\\\/2025\\\/01\\\/EasyAR_PDF_1280-150x150.jpg\",\"medium\":\"https:\\\/\\\/www.horst-schubert.de\\\/wordpress\\\/wp-content\\\/uploads\\\/2025\\\/01\\\/EasyAR_PDF_1280-300x169.jpg\",\"medium_large\":\"https:\\\/\\\/www.horst-schubert.de\\\/wordpress\\\/wp-content\\\/uploads\\\/2025\\\/01\\\/EasyAR_PDF_1280-768x432.jpg\",\"large\":\"https:\\\/\\\/www.horst-schubert.de\\\/wordpress\\\/wp-content\\\/uploads\\\/2025\\\/01\\\/EasyAR_PDF_1280-1024x576.jpg\",\"1536x1536\":\"https:\\\/\\\/www.horst-schubert.de\\\/wordpress\\\/wp-content\\\/uploads\\\/2025\\\/01\\\/EasyAR_PDF_1280.jpg\",\"2048x2048\":\"https:\\\/\\\/www.horst-schubert.de\\\/wordpress\\\/wp-content\\\/uploads\\\/2025\\\/01\\\/EasyAR_PDF_1280.jpg\",\"twentyseventeen-featured-image\":\"https:\\\/\\\/www.horst-schubert.de\\\/wordpress\\\/wp-content\\\/uploads\\\/2025\\\/01\\\/EasyAR_PDF_1280.jpg\",\"twentyseventeen-thumbnail-avatar\":\"https:\\\/\\\/www.horst-schubert.de\\\/wordpress\\\/wp-content\\\/uploads\\\/2025\\\/01\\\/EasyAR_PDF_1280-100x100.jpg\",\"full\":\"https:\\\/\\\/www.horst-schubert.de\\\/wordpress\\\/wp-content\\\/uploads\\\/2025\\\/01\\\/EasyAR_PDF_1280.jpg\",\"index\":1,\"id\":567,\"video\":false,\"opts\":{\"caption\":\"\",\"thumb\":\"https:\\\/\\\/www.horst-schubert.de\\\/wordpress\\\/wp-content\\\/uploads\\\/2025\\\/01\\\/EasyAR_PDF_1280-75x50_c.jpg\",\"title\":\"EasyAR_PDF_1280\"},\"gallery_id\":\"470\"}]' data-lightbox-theme='{&quot;arrows&quot;:true,&quot;margins&quot;:[120,0],&quot;gutter&quot;:&quot;100&quot;,&quot;thumbs_position&quot;:&quot;bottom&quot;,&quot;base_template&quot;:&quot;&lt;div id=\\&quot;envirabox-470\\&quot; data-envirabox-id=\\&quot;470\\&quot; class=\\&quot;envirabox-container envirabox-theme-base_dark envirabox-wrap\\&quot; role=\\&quot;dialog\\&quot;&gt;&lt;div class=\\&quot;envirabox-bg\\&quot;&gt;&lt;\\\/div&gt;&lt;div class=\\&quot;envirabox-outer\\&quot;&gt;&lt;div class=\\&quot;envirabox-inner\\&quot;&gt;&lt;div class=\\&quot;envirabox-caption-wrap\\&quot;&gt;&lt;\\\/div&gt;&lt;div class=\\&quot;envirabox-toolbar\\&quot;&gt;&lt;div class=\\&quot;envira-close-button\\&quot;&gt;&lt;a data-envirabox-close class=\\&quot;envirabox-item envirabox-close envirabox-button--close\\&quot; title=\\&quot;Close\\&quot; href=\\&quot;#\\&quot;&gt;&lt;\\\/a&gt;&lt;\\\/div&gt;&lt;\\\/div&gt;&lt;div class=\\&quot;envirabox-navigation\\&quot;&gt;&lt;a data-envirabox-prev title=\\&quot;Prev\\&quot; class=\\&quot;envirabox-arrow envirabox-arrow--left envirabox-nav envirabox-prev\\&quot; href=\\&quot;#\\&quot;&gt;&lt;span&gt;&lt;\\\/span&gt;&lt;\\\/a&gt;&lt;a data-envirabox-next title=\\&quot;Next\\&quot; class=\\&quot;envirabox-arrow envirabox-arrow--right envirabox-nav envirabox-next\\&quot; href=\\&quot;#\\&quot;&gt;&lt;span&gt;&lt;\\\/span&gt;&lt;\\\/a&gt;&lt;\\\/div&gt;&lt;div class=\\&quot;envirabox-stage\\&quot;&gt;&lt;\\\/div&gt;&lt;\\\/div&gt;&lt;\\\/div&gt;&lt;\\\/div&gt;&quot;,&quot;load_all&quot;:false,&quot;error_template&quot;:&quot;&lt;div class=\\&quot;envirabox-error\\&quot;&gt;&lt;p&gt;{{ERROR}}&lt;p&gt;&lt;\\\/div&gt;&quot;,&quot;inner_caption&quot;:false,&quot;caption_position&quot;:false,&quot;arrow_position&quot;:false,&quot;toolbar&quot;:true,&quot;infobar&quot;:false,&quot;show_smallbtn&quot;:false,&quot;idle_time&quot;:false,&quot;click_content&quot;:false,&quot;click_slide&quot;:false,&quot;click_outside&quot;:false,&quot;animation_duration&quot;:false,&quot;transition_duration&quot;:false,&quot;small_btn_template&quot;:&quot;&lt;a data-envirabox-close class=\\&quot;envirabox-item envirabox-close envirabox-button--close\\&quot; title=\\&quot;Close\\&quot; href=\\&quot;#\\&quot;&gt;&lt;\\\/a&gt;&quot;}' data-parsed-attrs='{\"id\":\"470\",\"cache\":true}'><div id=\"envira-gallery-item-566\" class=\"envira-gallery-item envira-gallery-item-1\" style=\"padding-left: 10px; padding-bottom: 20px; padding-right: 10px;\"  itemscope itemtype=\"https:\/\/schema.org\/ImageObject\"><div class=\"envira-gallery-item-inner\"><div class=\"envira-gallery-position-overlay envira-gallery-top-left\"><\/div><div class=\"envira-gallery-position-overlay envira-gallery-top-right\"><\/div><div class=\"envira-gallery-position-overlay envira-gallery-bottom-left\"><\/div><div class=\"envira-gallery-position-overlay envira-gallery-bottom-right\"><\/div><a class=\"envira-gallery-470 envira-gallery-link\" href=\"https:\/\/www.horst-schubert.de\/wordpress\/wp-content\/uploads\/2025\/01\/EasyAR_Angebot_1280.jpg\" title=\"EasyAR_Angebot_1280\" data-caption=\"\" data-envira-item-id=\"566\" data-envira-retina=\"https:\/\/www.horst-schubert.de\/wordpress\/wp-content\/uploads\/2025\/01\/EasyAR_Angebot_1280.jpg\" data-thumb=\"https:\/\/www.horst-schubert.de\/wordpress\/wp-content\/uploads\/2025\/01\/EasyAR_Angebot_1280-75x50_c.jpg\" data-title=\"EasyAR_Angebot_1280\" data-envirabox='470' itemprop=\"contentUrl\"><img src=\"https:\/\/www.horst-schubert.de\/wordpress\/wp-content\/uploads\/2025\/01\/EasyAR_Angebot_1280-1024x576.jpg\" alt=\"\" class=\"envira-gallery-image envira-gallery-image-1   \" height=\"169\" id=\"envira-gallery-image-566\" srcset=\"https:\/\/www.horst-schubert.de\/wordpress\/wp-content\/uploads\/2025\/01\/EasyAR_Angebot_1280.jpg, https:\/\/www.horst-schubert.de\/wordpress\/wp-content\/uploads\/2025\/01\/EasyAR_Angebot_1280.jpg 2x\" tabindex=\"-1\" title=\"EasyAR_Angebot_1280\" width=\"300\" data-caption=\"\" data-envira-gallery-id=\"470\" data-envira-index=\"0\" data-envira-item-id=\"566\" data-envira-src=\"https:\/\/www.horst-schubert.de\/wordpress\/wp-content\/uploads\/2025\/01\/EasyAR_Angebot_1280-1024x576.jpg\" data-envira-srcset=\"https:\/\/www.horst-schubert.de\/wordpress\/wp-content\/uploads\/2025\/01\/EasyAR_Angebot_1280-1024x576.jpg 400w, https:\/\/www.horst-schubert.de\/wordpress\/wp-content\/uploads\/2025\/01\/EasyAR_Angebot_1280-1024x576.jpg 2x\" data-title=\"EasyAR_Angebot_1280\" itemprop=\"thumbnailUrl\"  draggable=\"false\" onmousedown=\"event.preventDefault()\"  data-envirabox=\"470\" \/><\/a><div class=\"envira-gallery-captioned-data envira-gallery-captioned-data-base\"><\/div><\/div><\/div><div id=\"envira-gallery-item-567\" class=\"envira-gallery-item envira-gallery-item-2\" style=\"padding-left: 10px; padding-bottom: 20px; padding-right: 10px;\"  itemscope itemtype=\"https:\/\/schema.org\/ImageObject\"><div class=\"envira-gallery-item-inner\"><div class=\"envira-gallery-position-overlay envira-gallery-top-left\"><\/div><div class=\"envira-gallery-position-overlay envira-gallery-top-right\"><\/div><div class=\"envira-gallery-position-overlay envira-gallery-bottom-left\"><\/div><div class=\"envira-gallery-position-overlay envira-gallery-bottom-right\"><\/div><a class=\"envira-gallery-470 envira-gallery-link\" href=\"https:\/\/www.horst-schubert.de\/wordpress\/wp-content\/uploads\/2025\/01\/EasyAR_PDF_1280.jpg\" title=\"EasyAR_PDF_1280\" data-caption=\"\" data-envira-item-id=\"567\" data-envira-retina=\"https:\/\/www.horst-schubert.de\/wordpress\/wp-content\/uploads\/2025\/01\/EasyAR_PDF_1280.jpg\" data-thumb=\"https:\/\/www.horst-schubert.de\/wordpress\/wp-content\/uploads\/2025\/01\/EasyAR_PDF_1280-75x50_c.jpg\" data-title=\"EasyAR_PDF_1280\" data-envirabox='470' itemprop=\"contentUrl\"><img src=\"https:\/\/www.horst-schubert.de\/wordpress\/wp-content\/uploads\/2025\/01\/EasyAR_PDF_1280-1024x576.jpg\" alt=\"\" class=\"envira-gallery-image envira-gallery-image-2   \" height=\"169\" id=\"envira-gallery-image-567\" srcset=\"https:\/\/www.horst-schubert.de\/wordpress\/wp-content\/uploads\/2025\/01\/EasyAR_PDF_1280.jpg, https:\/\/www.horst-schubert.de\/wordpress\/wp-content\/uploads\/2025\/01\/EasyAR_PDF_1280.jpg 2x\" tabindex=\"-1\" title=\"EasyAR_PDF_1280\" width=\"300\" data-caption=\"\" data-envira-gallery-id=\"470\" data-envira-index=\"1\" data-envira-item-id=\"567\" data-envira-src=\"https:\/\/www.horst-schubert.de\/wordpress\/wp-content\/uploads\/2025\/01\/EasyAR_PDF_1280-1024x576.jpg\" data-envira-srcset=\"https:\/\/www.horst-schubert.de\/wordpress\/wp-content\/uploads\/2025\/01\/EasyAR_PDF_1280-1024x576.jpg 400w, https:\/\/www.horst-schubert.de\/wordpress\/wp-content\/uploads\/2025\/01\/EasyAR_PDF_1280-1024x576.jpg 2x\" data-title=\"EasyAR_PDF_1280\" itemprop=\"thumbnailUrl\"  draggable=\"false\" onmousedown=\"event.preventDefault()\"  data-envirabox=\"470\" \/><\/a><div class=\"envira-gallery-captioned-data envira-gallery-captioned-data-base\"><\/div><\/div><\/div><\/div><\/div><noscript><img src='https:\/\/www.horst-schubert.de\/wordpress\/wp-content\/uploads\/2025\/01\/EasyAR_Angebot_1280.jpg' alt='' class='envira_noscript_images ' \/><img src='https:\/\/www.horst-schubert.de\/wordpress\/wp-content\/uploads\/2025\/01\/EasyAR_PDF_1280.jpg' alt='' class='envira_noscript_images ' \/><\/noscript><\/div>\n\n\n\n<div class=\"is-layout-constrained wp-block-group has-pale-ocean-gradient-background has-background\"><div class=\"wp-block-group__inner-container\">\n<h3>Download der 32bit und 64bit Trial-Version f\u00fcr Microsoft Windows<\/h3>\n\n\n<div class=\"sdm_download_button_box_default\"><div class=\"sdm_download_link\"><form id=\"sdm-hd-6a04e794e5782\" class=\"sdm-download-form\" method=\"POST\" action=\"\">\t<input type=\"hidden\" id=\"sdm_hd_download_form_nonce\" name=\"sdm_hd_download_form_nonce\" value=\"38b23e6b7f\" \/><input type=\"hidden\" name=\"_wp_http_referer\" value=\"\/wordpress\/wp-json\/wp\/v2\/pages\/51\" \/>\t<input type=\"hidden\" name=\"sdm_hd_download_key\" value=\"2b52c870808c43fa95ef3b6aa69dde54\">\n\t<a id=\"sdm-hd-6a04e794e5782-btn\" href=\"#0\" class=\"sdm_download green\" title=\"Privat: EasyAR_Trial\" >Jetzt herunterladen!<\/a>\n\t<script>\n\t    jQuery('a#sdm-hd-6a04e794e5782-btn').click(function (e) {\n\t\te.preventDefault();\n\t\tjQuery(this).closest('form').submit();\n\t    });\n\t    jQuery('form#sdm-hd-6a04e794e5782').submit(function (e) {\n\t\tif (jQuery('a#sdm-hd-6a04e794e5782-btn').hasClass('sdm_after_download_redirect')) {\n\t\t    if (jQuery('a#sdm-hd-6a04e794e5782-btn').hasClass('sdm_disabled_button')) {\n\t\t\treturn false;\n\t\t    }\n\t\t    if (typeof sdm_is_ie === \"function\") {\n\t\t\tif (sdm_is_ie()) {\n\t\t\t    jQuery(window).focus(function () {\n\t\t\t\twindow.location.href = \"\";\n\t\t\t    });\n\t\t\t    return true;\n\t\t\t}\n\t\t    }\n\t\t    setTimeout(function () {\n\t\t\twindow.location.href = \"\";\n\t\t    }, 3000);\n\t\t}\n\t    });\n\t<\/script>\n\t<\/form><\/div><\/div>\n\n\n\n<div class=\"is-layout-flex wp-block-buttons\">\n<div class=\"wp-block-button has-custom-width wp-block-button__width-100 is-style-outline\"><a class=\"wp-block-button__link has-white-color has-text-color wp-element-button\" href=\"https:\/\/www.horst-schubert.de\/wordpress\/wp-content\/uploads\/2025\/01\/readme_EasyAR.txt\" style=\"border-radius:0px\" target=\"_blank\" rel=\"noreferrer noopener\">Installationsanleitung<\/a><\/div>\n<\/div>\n<\/div><\/div>\n","protected":false},"excerpt":{"rendered":"<p>EasyAR Schnelles Erstellen, Archivieren und Drucken von Angeboten und Rechnungen, welche unter die Kleinunternehmerregelung gem\u00e4\u00df \u00a719 UStG fallen, sind durch den Einsatz von EasyAR kein Problem mehr. Durch die Verwendung einer Kundendatenbank und der M\u00f6glichkeit einzelne, speziell auf Ihr Unternehmen zugeschnittene Bausteine f\u00fcr alle Ihre zuk\u00fcnftigen Projekte erstellen zu k\u00f6nnen, sind bereits nach k\u00fcrzester Zeit &hellip; <\/p>\n<p class=\"link-more\"><a href=\"https:\/\/www.horst-schubert.de\/wordpress\/apps\/download-easyar\/\" class=\"more-link\"><span class=\"screen-reader-text\">\u201eDownload EasyAR\u201c <\/span>weiterlesen<\/a><\/p>\n","protected":false},"author":2,"featured_media":0,"parent":47,"menu_order":0,"comment_status":"closed","ping_status":"closed","template":"","meta":[],"_links":{"self":[{"href":"https:\/\/www.horst-schubert.de\/wordpress\/wp-json\/wp\/v2\/pages\/51"}],"collection":[{"href":"https:\/\/www.horst-schubert.de\/wordpress\/wp-json\/wp\/v2\/pages"}],"about":[{"href":"https:\/\/www.horst-schubert.de\/wordpress\/wp-json\/wp\/v2\/types\/page"}],"author":[{"embeddable":true,"href":"https:\/\/www.horst-schubert.de\/wordpress\/wp-json\/wp\/v2\/users\/2"}],"replies":[{"embeddable":true,"href":"https:\/\/www.horst-schubert.de\/wordpress\/wp-json\/wp\/v2\/comments?post=51"}],"version-history":[{"count":0,"href":"https:\/\/www.horst-schubert.de\/wordpress\/wp-json\/wp\/v2\/pages\/51\/revisions"}],"up":[{"embeddable":true,"href":"https:\/\/www.horst-schubert.de\/wordpress\/wp-json\/wp\/v2\/pages\/47"}],"wp:attachment":[{"href":"https:\/\/www.horst-schubert.de\/wordpress\/wp-json\/wp\/v2\/media?parent=51"}],"curies":[{"name":"wp","href":"https:\/\/api.w.org\/{rel}","templated":true}]}}